{"id":753,"date":"2024-09-30T09:37:55","date_gmt":"2024-09-30T07:37:55","guid":{"rendered":"https:\/\/www.acupunturashui.com\/?post_type=product&#038;p=753"},"modified":"2024-10-17T11:10:26","modified_gmt":"2024-10-17T09:10:26","slug":"masaje-descontracturante","status":"publish","type":"product","link":"https:\/\/www.acupunturashui.com\/en\/product\/masaje-descontracturante\/","title":{"rendered":"Deep tissue massage"},"content":{"rendered":"<p class=\"avia-caption-title\">Deep tissue massage in Alicante: Relieves Tension and restore Your well-being<\/p>\n<div class=\"avia-caption-content av_inherit_color\">\n<p>Relieves muscle aches with a deep tissue massage. Get rid of the accumulated stress with specialized techniques.<\/p>\n<\/div>","protected":false},"excerpt":{"rendered":"<p>Masaje Descontracturante en Alicante: Alivia Tensiones y Recupera Tu Bienestar Alivia dolores musculares con un masaje descontracturante. Lib\u00e9rate de la tensi\u00f3n acumulada con t\u00e9cnicas especializadas.<\/p>","protected":false},"featured_media":722,"template":"","meta":{"_joinchat":[]},"product_brand":[],"product_cat":[37],"product_tag":[],"giftcard-category":[],"class_list":{"0":"post-753","1":"product","2":"type-product","3":"status-publish","4":"has-post-thumbnail","6":"product_cat-sin-categorizar","8":"first","9":"instock","10":"virtual","11":"sold-individually","12":"purchasable","13":"product-type-booking"},"_links":{"self":[{"href":"https:\/\/www.acupunturashui.com\/en\/wp-json\/wp\/v2\/product\/753","targetHints":{"allow":["GET"]}}],"collection":[{"href":"https:\/\/www.acupunturashui.com\/en\/wp-json\/wp\/v2\/product"}],"about":[{"href":"https:\/\/www.acupunturashui.com\/en\/wp-json\/wp\/v2\/types\/product"}],"wp:featuredmedia":[{"embeddable":true,"href":"https:\/\/www.acupunturashui.com\/en\/wp-json\/wp\/v2\/media\/722"}],"wp:attachment":[{"href":"https:\/\/www.acupunturashui.com\/en\/wp-json\/wp\/v2\/media?parent=753"}],"wp:term":[{"taxonomy":"product_brand","embeddable":true,"href":"https:\/\/www.acupunturashui.com\/en\/wp-json\/wp\/v2\/product_brand?post=753"},{"taxonomy":"product_cat","embeddable":true,"href":"https:\/\/www.acupunturashui.com\/en\/wp-json\/wp\/v2\/product_cat?post=753"},{"taxonomy":"product_tag","embeddable":true,"href":"https:\/\/www.acupunturashui.com\/en\/wp-json\/wp\/v2\/product_tag?post=753"},{"taxonomy":"giftcard-category","embeddable":true,"href":"https:\/\/www.acupunturashui.com\/en\/wp-json\/wp\/v2\/giftcard-category?post=753"}],"curies":[{"name":"wp","href":"https:\/\/api.w.org\/{rel}","templated":true}]}}