{"id":751,"date":"2024-09-30T09:37:21","date_gmt":"2024-09-30T07:37:21","guid":{"rendered":"https:\/\/www.acupunturashui.com\/?post_type=product&#038;p=751"},"modified":"2024-12-11T21:33:50","modified_gmt":"2024-12-11T20:33:50","slug":"masaje-relajante","status":"publish","type":"product","link":"https:\/\/www.acupunturashui.com\/en\/product\/masaje-relajante\/","title":{"rendered":"Relaxing massage"},"content":{"rendered":"<p class=\"avia-caption-title\">Relaxing massage in Alicante: relieves Stress. Revitalizes Body and Mind<\/p>\n<div class=\"avia-caption-content av_inherit_color\">\n<p>Enjoy a relaxing massage relieves stress and re-energises your body. Relax in a quiet environment with skilled professionals.<\/p>\n<p>La frecuencia ideal para recibir\u00a0<strong>masaje relajante<\/strong>\u00a0depende de varios factores individuales, como el nivel de tensi\u00f3n muscular, el estilo de vida, la presencia de dolores cr\u00f3nicos y la recomendaci\u00f3n de un profesional de la salud. Seg\u00fan expertos en terapia f\u00edsica y masajes, una frecuencia com\u00fanmente recomendada es una sesi\u00f3n cada dos semanas para la mayor\u00eda de las personas. Este intervalo permite mantener una buena salud muscular, ayudando a prevenir la acumulaci\u00f3n de tensi\u00f3n que puede derivar en contracturas dolorosas.<\/p>\n<p>Para personas que experimentan un alto nivel de estr\u00e9s o que tienen trabajos f\u00edsicos exigentes, la frecuencia podr\u00eda aumentar a una sesi\u00f3n semanal. Esto es especialmente recomendable si la persona sufre de dolores recurrentes o si tiene una condici\u00f3n m\u00e9dica que predispone a la formaci\u00f3n de contracturas. En estos casos, los masajes regulares no solo ayudan a aliviar el dolor existente, sino que tambi\u00e9n act\u00faan como una medida preventiva, evitando que las tensiones se acumulen hasta un punto cr\u00edtico.<\/p>\n<p>Por otro lado, si una persona no presenta dolores musculares frecuentes y lleva un estilo de vida relativamente sedentario, podr\u00eda beneficiarse de un masaje relajante cada tres o cuatro semanas. En estos casos, la menor frecuencia es suficiente para mantener la flexibilidad y aliviar cualquier tensi\u00f3n ocasional que pueda surgir debido a la falta de movimiento o la adopci\u00f3n de posturas incorrectas durante largos per\u00edodos.<\/p>\n<pre id=\"tw-target-text\" class=\"tw-data-text tw-text-large tw-ta\" dir=\"ltr\" data-placeholder=\"Traducci\u00f3n\" aria-label=\"Texto traducido: Un masaje relajante puede servir para muchas circunstancias. Estas circunstancias incluyen:Aumento del tono muscularAltos niveles de estr\u00e9sdolor cronicoEl masaje de relajaci\u00f3n se puede utilizar para reducir el aumento del tono muscular, los altos niveles de estr\u00e9s y el dolor cr\u00f3nico.\" data-ved=\"2ahUKEwiA7OHPwaCKAxU6UaQEHaaIIvMQ3ewLegQIBxAU\"><img loading=\"lazy\" decoding=\"async\" class=\"alignnone size-medium wp-image-1058\" src=\"http:\/\/www.acupunturashui.com\/wp-content\/uploads\/2024\/09\/masaje-relax-1-300x300.png\" alt=\"\" width=\"300\" height=\"300\" srcset=\"https:\/\/www.acupunturashui.com\/wp-content\/uploads\/2024\/09\/masaje-relax-1-300x300.png 300w, https:\/\/www.acupunturashui.com\/wp-content\/uploads\/2024\/09\/masaje-relax-1-1030x1030.png 1030w, https:\/\/www.acupunturashui.com\/wp-content\/uploads\/2024\/09\/masaje-relax-1-80x80.png 80w, https:\/\/www.acupunturashui.com\/wp-content\/uploads\/2024\/09\/masaje-relax-1-768x768.png 768w, https:\/\/www.acupunturashui.com\/wp-content\/uploads\/2024\/09\/masaje-relax-1-36x36.png 36w, https:\/\/www.acupunturashui.com\/wp-content\/uploads\/2024\/09\/masaje-relax-1-180x180.png 180w, https:\/\/www.acupunturashui.com\/wp-content\/uploads\/2024\/09\/masaje-relax-1-705x705.png 705w, https:\/\/www.acupunturashui.com\/wp-content\/uploads\/2024\/09\/masaje-relax-1-120x120.png 120w, https:\/\/www.acupunturashui.com\/wp-content\/uploads\/2024\/09\/masaje-relax-1-450x450.png 450w, https:\/\/www.acupunturashui.com\/wp-content\/uploads\/2024\/09\/masaje-relax-1-600x600.png 600w, https:\/\/www.acupunturashui.com\/wp-content\/uploads\/2024\/09\/masaje-relax-1-100x100.png 100w, https:\/\/www.acupunturashui.com\/wp-content\/uploads\/2024\/09\/masaje-relax-1.png 1080w\" sizes=\"auto, (max-width: 300px) 100vw, 300px\" \/><\/pre>\n<\/div>","protected":false},"excerpt":{"rendered":"<p>Descubre la relajaci\u00f3n. Olv\u00eddate del estr\u00e9s.<\/p>","protected":false},"featured_media":715,"template":"","meta":{"_joinchat":[]},"product_brand":[],"product_cat":[37],"product_tag":[],"giftcard-category":[],"class_list":{"0":"post-751","1":"product","2":"type-product","3":"status-publish","4":"has-post-thumbnail","6":"product_cat-sin-categorizar","8":"first","9":"instock","10":"virtual","11":"sold-individually","12":"purchasable","13":"product-type-booking"},"_links":{"self":[{"href":"https:\/\/www.acupunturashui.com\/en\/wp-json\/wp\/v2\/product\/751","targetHints":{"allow":["GET"]}}],"collection":[{"href":"https:\/\/www.acupunturashui.com\/en\/wp-json\/wp\/v2\/product"}],"about":[{"href":"https:\/\/www.acupunturashui.com\/en\/wp-json\/wp\/v2\/types\/product"}],"wp:featuredmedia":[{"embeddable":true,"href":"https:\/\/www.acupunturashui.com\/en\/wp-json\/wp\/v2\/media\/715"}],"wp:attachment":[{"href":"https:\/\/www.acupunturashui.com\/en\/wp-json\/wp\/v2\/media?parent=751"}],"wp:term":[{"taxonomy":"product_brand","embeddable":true,"href":"https:\/\/www.acupunturashui.com\/en\/wp-json\/wp\/v2\/product_brand?post=751"},{"taxonomy":"product_cat","embeddable":true,"href":"https:\/\/www.acupunturashui.com\/en\/wp-json\/wp\/v2\/product_cat?post=751"},{"taxonomy":"product_tag","embeddable":true,"href":"https:\/\/www.acupunturashui.com\/en\/wp-json\/wp\/v2\/product_tag?post=751"},{"taxonomy":"giftcard-category","embeddable":true,"href":"https:\/\/www.acupunturashui.com\/en\/wp-json\/wp\/v2\/giftcard-category?post=751"}],"curies":[{"name":"wp","href":"https:\/\/api.w.org\/{rel}","templated":true}]}}