{"id":746,"date":"2024-09-30T09:36:02","date_gmt":"2024-09-30T07:36:02","guid":{"rendered":"https:\/\/www.acupunturashui.com\/?post_type=product&#038;p=746"},"modified":"2024-10-17T11:28:43","modified_gmt":"2024-10-17T09:28:43","slug":"reflexologia-podal","status":"publish","type":"product","link":"https:\/\/www.acupunturashui.com\/en\/product\/reflexologia-podal\/","title":{"rendered":"Foot reflexology"},"content":{"rendered":"<p class=\"avia-caption-title\">Foot reflexology in Alicante: Discover the Power of Relaxation Through Your Feet<\/p>\n<div class=\"avia-caption-content av_inherit_color\">\n<p>Enjoy the benefits of foot reflexology. Relaxes body and mind with treatments customized to your well-being. Reserve your appointment today!<\/p>\n<\/div>","protected":false},"excerpt":{"rendered":"<p>Reflexolog\u00eda Podal en Alicante: Descubre el Poder de la Relajaci\u00f3n a Trav\u00e9s de Tus Pies Disfruta de los beneficios de la reflexolog\u00eda podal. Relaja cuerpo y mente con tratamientos personalizados para tu bienestar. \u00a1Reserva tu cita hoy!<\/p>","protected":false},"featured_media":697,"template":"","meta":{"_joinchat":[]},"product_brand":[],"product_cat":[37],"product_tag":[],"giftcard-category":[],"class_list":{"0":"post-746","1":"product","2":"type-product","3":"status-publish","4":"has-post-thumbnail","6":"product_cat-sin-categorizar","8":"first","9":"instock","10":"virtual","11":"sold-individually","12":"purchasable","13":"product-type-booking"},"_links":{"self":[{"href":"https:\/\/www.acupunturashui.com\/en\/wp-json\/wp\/v2\/product\/746","targetHints":{"allow":["GET"]}}],"collection":[{"href":"https:\/\/www.acupunturashui.com\/en\/wp-json\/wp\/v2\/product"}],"about":[{"href":"https:\/\/www.acupunturashui.com\/en\/wp-json\/wp\/v2\/types\/product"}],"wp:featuredmedia":[{"embeddable":true,"href":"https:\/\/www.acupunturashui.com\/en\/wp-json\/wp\/v2\/media\/697"}],"wp:attachment":[{"href":"https:\/\/www.acupunturashui.com\/en\/wp-json\/wp\/v2\/media?parent=746"}],"wp:term":[{"taxonomy":"product_brand","embeddable":true,"href":"https:\/\/www.acupunturashui.com\/en\/wp-json\/wp\/v2\/product_brand?post=746"},{"taxonomy":"product_cat","embeddable":true,"href":"https:\/\/www.acupunturashui.com\/en\/wp-json\/wp\/v2\/product_cat?post=746"},{"taxonomy":"product_tag","embeddable":true,"href":"https:\/\/www.acupunturashui.com\/en\/wp-json\/wp\/v2\/product_tag?post=746"},{"taxonomy":"giftcard-category","embeddable":true,"href":"https:\/\/www.acupunturashui.com\/en\/wp-json\/wp\/v2\/giftcard-category?post=746"}],"curies":[{"name":"wp","href":"https:\/\/api.w.org\/{rel}","templated":true}]}}