{"id":1216,"date":"2025-11-29T18:37:09","date_gmt":"2025-11-29T17:37:09","guid":{"rendered":"https:\/\/www.acupunturashui.com\/?post_type=product&#038;p=1216"},"modified":"2026-02-27T10:45:35","modified_gmt":"2026-02-27T09:45:35","slug":"termoterapia-2","status":"publish","type":"product","link":"https:\/\/www.acupunturashui.com\/en\/product\/termoterapia-2\/","title":{"rendered":"Ba\u00f1o de parafina + masaje de manos"},"content":{"rendered":"<p class=\"avia-caption-title\">Ba\u00f1o de parafina caliente en Alicante: Descubre el combo perfecto de ba\u00f1o de parafina caliente que hidrata en profundidad y un masaje relajante de manos.<\/p>\n<p class=\"avia-caption-title\">La termoterapia con parafina caliente utiliza cera tibia para envolver las manos o articulaciones, generando un calor profundo y constante. Al sumergir manos, pies o articulaciones afectadas, la parafina crea una capa c\u00e1lida que retiene el calor y lo distribuye de forma uniforme. Este m\u00e9todo ayuda a aliviar el dolor, reducir la rigidez y mejorar la movilidad en personas con artritis, adem\u00e1s de hidratar la piel y proporcionar una sensaci\u00f3n relajante. Ideal para uso terap\u00e9utico y de bienestar. El resultado suele sentirse desde la primera aplicaci\u00f3n: una mezcla de alivio, ligereza y relajaci\u00f3n.<\/p>\n<p>La cera de parafina caliente se aplica durante unos 15 minutos y al retirase se realiza un masaje relajante de manos y brazos.<\/p>\n<div class=\"avia-caption-content av_inherit_color\">\n<p>Disfruta una experiencia terap\u00e9utica que combina el calor profundo de la parafina caliente con un masaje relajante de manos. Esta combinaci\u00f3n alivia la rigidez, reduce el dolor articular, mejora la circulaci\u00f3n y deja la piel suave y nutrida, brindando bienestar inmediato y una sensaci\u00f3n de descanso total.<\/p>\n<\/div>","protected":false},"excerpt":{"rendered":"<p>Descubre una forma sencilla y natural de sentirte mejor cada d\u00eda.<\/p>","protected":false},"featured_media":1218,"template":"","meta":{"_joinchat":[]},"product_brand":[],"product_cat":[37],"product_tag":[],"giftcard-category":[],"class_list":{"0":"post-1216","1":"product","2":"type-product","3":"status-publish","4":"has-post-thumbnail","6":"product_cat-sin-categorizar","8":"first","9":"instock","10":"virtual","11":"sold-individually","12":"purchasable","13":"product-type-booking"},"_links":{"self":[{"href":"https:\/\/www.acupunturashui.com\/en\/wp-json\/wp\/v2\/product\/1216","targetHints":{"allow":["GET"]}}],"collection":[{"href":"https:\/\/www.acupunturashui.com\/en\/wp-json\/wp\/v2\/product"}],"about":[{"href":"https:\/\/www.acupunturashui.com\/en\/wp-json\/wp\/v2\/types\/product"}],"wp:featuredmedia":[{"embeddable":true,"href":"https:\/\/www.acupunturashui.com\/en\/wp-json\/wp\/v2\/media\/1218"}],"wp:attachment":[{"href":"https:\/\/www.acupunturashui.com\/en\/wp-json\/wp\/v2\/media?parent=1216"}],"wp:term":[{"taxonomy":"product_brand","embeddable":true,"href":"https:\/\/www.acupunturashui.com\/en\/wp-json\/wp\/v2\/product_brand?post=1216"},{"taxonomy":"product_cat","embeddable":true,"href":"https:\/\/www.acupunturashui.com\/en\/wp-json\/wp\/v2\/product_cat?post=1216"},{"taxonomy":"product_tag","embeddable":true,"href":"https:\/\/www.acupunturashui.com\/en\/wp-json\/wp\/v2\/product_tag?post=1216"},{"taxonomy":"giftcard-category","embeddable":true,"href":"https:\/\/www.acupunturashui.com\/en\/wp-json\/wp\/v2\/giftcard-category?post=1216"}],"curies":[{"name":"wp","href":"https:\/\/api.w.org\/{rel}","templated":true}]}}