{"id":1046,"date":"2024-12-11T18:17:03","date_gmt":"2024-12-11T17:17:03","guid":{"rendered":"https:\/\/www.acupunturashui.com\/?post_type=product&#038;p=1046"},"modified":"2026-02-27T10:44:25","modified_gmt":"2026-02-27T09:44:25","slug":"masaje-a-elegir-tarjeta-regalo-30-min-copy","status":"publish","type":"product","link":"https:\/\/www.acupunturashui.com\/en\/product\/masaje-a-elegir-tarjeta-regalo-30-min-copy\/","title":{"rendered":"Massage to Choose | Gift Card 30 min"},"content":{"rendered":"<p>Esta Tarjeta Regalo es v\u00e1lida para un masaje a elegir &#8211; reflexolog\u00eda podal, masaje relajante con piedras calientes, masaje facial, masaje para piernas cansadas, retenci\u00f3n de l\u00edquidos, etc.<\/p>\n<p>\u00a1DISFRUTA!<\/p>\n<p><img loading=\"lazy\" decoding=\"async\" class=\"alignnone size-medium wp-image-1050\" src=\"http:\/\/www.acupunturashui.com\/wp-content\/uploads\/2024\/12\/Masaje-facial-300x300.png\" alt=\"\" width=\"300\" height=\"300\" srcset=\"https:\/\/www.acupunturashui.com\/wp-content\/uploads\/2024\/12\/Masaje-facial-300x300.png 300w, https:\/\/www.acupunturashui.com\/wp-content\/uploads\/2024\/12\/Masaje-facial-1030x1030.png 1030w, https:\/\/www.acupunturashui.com\/wp-content\/uploads\/2024\/12\/Masaje-facial-80x80.png 80w, https:\/\/www.acupunturashui.com\/wp-content\/uploads\/2024\/12\/Masaje-facial-768x768.png 768w, https:\/\/www.acupunturashui.com\/wp-content\/uploads\/2024\/12\/Masaje-facial-36x36.png 36w, https:\/\/www.acupunturashui.com\/wp-content\/uploads\/2024\/12\/Masaje-facial-180x180.png 180w, https:\/\/www.acupunturashui.com\/wp-content\/uploads\/2024\/12\/Masaje-facial-705x705.png 705w, https:\/\/www.acupunturashui.com\/wp-content\/uploads\/2024\/12\/Masaje-facial-120x120.png 120w, https:\/\/www.acupunturashui.com\/wp-content\/uploads\/2024\/12\/Masaje-facial-450x450.png 450w, https:\/\/www.acupunturashui.com\/wp-content\/uploads\/2024\/12\/Masaje-facial-600x600.png 600w, https:\/\/www.acupunturashui.com\/wp-content\/uploads\/2024\/12\/Masaje-facial-100x100.png 100w, https:\/\/www.acupunturashui.com\/wp-content\/uploads\/2024\/12\/Masaje-facial.png 1080w\" sizes=\"auto, (max-width: 300px) 100vw, 300px\" \/>\u00a0 \u00a0 \u00a0<img loading=\"lazy\" decoding=\"async\" class=\"alignnone  wp-image-1048\" src=\"http:\/\/www.acupunturashui.com\/wp-content\/uploads\/2024\/12\/Masaje-facial-Facebook-Post-1-300x251.png\" alt=\"\" width=\"354\" height=\"296\" srcset=\"https:\/\/www.acupunturashui.com\/wp-content\/uploads\/2024\/12\/Masaje-facial-Facebook-Post-1-300x251.png 300w, https:\/\/www.acupunturashui.com\/wp-content\/uploads\/2024\/12\/Masaje-facial-Facebook-Post-1-768x644.png 768w, https:\/\/www.acupunturashui.com\/wp-content\/uploads\/2024\/12\/Masaje-facial-Facebook-Post-1-705x591.png 705w, https:\/\/www.acupunturashui.com\/wp-content\/uploads\/2024\/12\/Masaje-facial-Facebook-Post-1-450x377.png 450w, https:\/\/www.acupunturashui.com\/wp-content\/uploads\/2024\/12\/Masaje-facial-Facebook-Post-1-600x503.png 600w, https:\/\/www.acupunturashui.com\/wp-content\/uploads\/2024\/12\/Masaje-facial-Facebook-Post-1.png 940w\" sizes=\"auto, (max-width: 354px) 100vw, 354px\" \/><\/p>\n<p>&nbsp;<\/p>","protected":false},"excerpt":{"rendered":"<p>Esta Tarjeta Regalo es v\u00e1lida para un masaje a elegir &#8211; reflexolog\u00eda podal, masaje relajante con piedras calientes, masaje facial, masaje para piernas cansadas, retenci\u00f3n de l\u00edquidos, etc. \u00a1DISFRUTA! \u00a0 \u00a0 \u00a0 &nbsp;<\/p>","protected":false},"featured_media":1047,"template":"","meta":{"_joinchat":[]},"product_brand":[],"product_cat":[50],"product_tag":[],"giftcard-category":[],"class_list":{"0":"post-1046","1":"product","2":"type-product","3":"status-publish","4":"has-post-thumbnail","6":"product_cat-tarjetas-regalo","8":"first","9":"instock","10":"shipping-taxable","11":"purchasable","12":"product-type-gift-card"},"_links":{"self":[{"href":"https:\/\/www.acupunturashui.com\/en\/wp-json\/wp\/v2\/product\/1046","targetHints":{"allow":["GET"]}}],"collection":[{"href":"https:\/\/www.acupunturashui.com\/en\/wp-json\/wp\/v2\/product"}],"about":[{"href":"https:\/\/www.acupunturashui.com\/en\/wp-json\/wp\/v2\/types\/product"}],"wp:featuredmedia":[{"embeddable":true,"href":"https:\/\/www.acupunturashui.com\/en\/wp-json\/wp\/v2\/media\/1047"}],"wp:attachment":[{"href":"https:\/\/www.acupunturashui.com\/en\/wp-json\/wp\/v2\/media?parent=1046"}],"wp:term":[{"taxonomy":"product_brand","embeddable":true,"href":"https:\/\/www.acupunturashui.com\/en\/wp-json\/wp\/v2\/product_brand?post=1046"},{"taxonomy":"product_cat","embeddable":true,"href":"https:\/\/www.acupunturashui.com\/en\/wp-json\/wp\/v2\/product_cat?post=1046"},{"taxonomy":"product_tag","embeddable":true,"href":"https:\/\/www.acupunturashui.com\/en\/wp-json\/wp\/v2\/product_tag?post=1046"},{"taxonomy":"giftcard-category","embeddable":true,"href":"https:\/\/www.acupunturashui.com\/en\/wp-json\/wp\/v2\/giftcard-category?post=1046"}],"curies":[{"name":"wp","href":"https:\/\/api.w.org\/{rel}","templated":true}]}}